{"id":1656,"date":"2024-04-10T05:48:28","date_gmt":"2024-04-10T03:48:28","guid":{"rendered":"https:\/\/bilhobbyverksted.no\/?page_id=1656"},"modified":"2024-09-23T14:34:35","modified_gmt":"2024-09-23T12:34:35","slug":"bil-tuning-trondheim","status":"publish","type":"page","link":"https:\/\/bilhobbyverksted.no\/en\/bil-tuning-trondheim\/","title":{"rendered":"Bil tuning"},"content":{"rendered":"<div data-elementor-type=\"wp-page\" data-elementor-id=\"1656\" class=\"elementor elementor-1656\" data-elementor-post-type=\"page\">\n\t\t\t\t<div class=\"elementor-element elementor-element-1be11e3 e-flex e-con-boxed e-con e-parent\" data-id=\"1be11e3\" data-element_type=\"container\" data-settings=\"{&quot;background_background&quot;:&quot;classic&quot;}\">\n\t\t\t\t\t<div class=\"e-con-inner\">\n\t\t<div class=\"elementor-element elementor-element-16e535b e-con-full e-flex e-con e-child\" data-id=\"16e535b\" data-element_type=\"container\">\n\t\t\t\t<div class=\"elementor-element elementor-element-d207e7b elementor-widget-mobile__width-inherit elementor-invisible elementor-widget elementor-widget-image\" data-id=\"d207e7b\" data-element_type=\"widget\" data-settings=\"{&quot;_animation&quot;:&quot;fadeInLeft&quot;}\" data-widget_type=\"image.default\">\n\t\t\t\t<div class=\"elementor-widget-container\">\n\t\t\t\t\t\t\t\t\t\t\t\t\t\t\t<img fetchpriority=\"high\" decoding=\"async\" width=\"654\" height=\"390\" src=\"https:\/\/bilhobbyverksted.no\/wp-content\/uploads\/2024\/04\/jb4astrone-e1712721441393.jpg\" class=\"attachment-full size-full wp-image-1696\" alt=\"\" srcset=\"https:\/\/bilhobbyverksted.no\/wp-content\/uploads\/2024\/04\/jb4astrone-e1712721441393.jpg 654w, https:\/\/bilhobbyverksted.no\/wp-content\/uploads\/2024\/04\/jb4astrone-e1712721441393-300x179.jpg 300w, https:\/\/bilhobbyverksted.no\/wp-content\/uploads\/2024\/04\/jb4astrone-e1712721441393-18x12.jpg 18w, https:\/\/bilhobbyverksted.no\/wp-content\/uploads\/2024\/04\/jb4astrone-e1712721441393-600x358.jpg 600w\" sizes=\"(max-width: 654px) 100vw, 654px\" \/>\t\t\t\t\t\t\t\t\t\t\t\t\t\t\t<\/div>\n\t\t\t\t<\/div>\n\t\t\t\t<\/div>\n\t\t<div class=\"elementor-element elementor-element-aa267ad e-con-full e-flex elementor-invisible e-con e-child\" data-id=\"aa267ad\" data-element_type=\"container\" data-settings=\"{&quot;animation&quot;:&quot;fadeIn&quot;}\">\n\t\t\t\t<div class=\"elementor-element elementor-element-6b43495 elementor-widget elementor-widget-heading\" data-id=\"6b43495\" data-element_type=\"widget\" data-widget_type=\"heading.default\">\n\t\t\t\t<div class=\"elementor-widget-container\">\n\t\t\t\t\t<h1 class=\"elementor-heading-title elementor-size-default\">Bil tuning: POWER BOKSER og TUNING BOKSER<\/h1>\t\t\t\t<\/div>\n\t\t\t\t<\/div>\n\t\t\t\t<div class=\"elementor-element elementor-element-8c30a0e elementor-widget elementor-widget-text-editor\" data-id=\"8c30a0e\" data-element_type=\"widget\" data-widget_type=\"text-editor.default\">\n\t\t\t\t<div class=\"elementor-widget-container\">\n\t\t\t\t\t\t\t\t\t<p>Bil tuning &#8211; vi tilbyr POWER BOXer og TUNING BOXer i v\u00e5rt sortiment, som er eksterne kontrollenheter som monteres som uavhengige enheter for \u00e5 \u00f8ke effekten. Konstruksjonen av en BOX avhenger i stor grad av hvilken bil den er beregnet for. For moderne turbo-bensinmotorer er POWER BOXer nesten bygget p\u00e5 samme m\u00e5te som den grunnleggende versjonen av motorkontrolleren. En h\u00f8ykvalitets prosessor styrer alle prosessene som skjer i POWER BOXen, noe som sikrer effektiv og trygg bil tuning.<\/p><p>Ved fjernsalg av enheten laster vi inn en grunnleggende, delikat programvare som enhver fungerende bil vil kunne kj\u00f8re problemfritt p\u00e5. N\u00e5r kontrolleren monteres hos oss, justeres bilen p\u00e5 v\u00e5r dynamometer, og programvaren blir individuelt konfigurert for optimal ytelse. Det er viktig \u00e5 huske at bil tuning med POWER BOX ikke er det samme som <a href=\"https:\/\/bilhobbyverksted.no\/en\/forberedelse-til-tuning\/\">chiptuning<\/a>, og det er ikke mulig \u00e5 optimalisere programvaren p\u00e5 samme m\u00e5te, fordi vi ikke kan modifisere s\u00e5 mange parametere. Likevel gir denne formen for <a href=\"https:\/\/bilhobbyverksted.no\/en\/forberedelse-til-tuning\/\">bil tuning<\/a> en trygg og enkel m\u00e5te \u00e5 \u00f8ke bilens effekt, som passer spesielt godt for de som vil unng\u00e5 risikoene ved chiptuning, samtidig som man forbedrer ytelsen betraktelig.<\/p>\t\t\t\t\t\t\t\t<\/div>\n\t\t\t\t<\/div>\n\t\t\t\t<\/div>\n\t\t\t\t\t<\/div>\n\t\t\t\t<\/div>\n\t\t<div class=\"elementor-element elementor-element-4dc3f22 e-flex e-con-boxed e-con e-parent\" data-id=\"4dc3f22\" data-element_type=\"container\" data-settings=\"{&quot;background_background&quot;:&quot;classic&quot;}\">\n\t\t\t\t\t<div class=\"e-con-inner\">\n\t\t<div class=\"elementor-element elementor-element-a0fc8c7 e-con-full e-flex elementor-invisible e-con e-child\" data-id=\"a0fc8c7\" data-element_type=\"container\" data-settings=\"{&quot;animation&quot;:&quot;fadeIn&quot;}\">\n\t\t\t\t<div class=\"elementor-element elementor-element-d2c3179 elementor-widget elementor-widget-text-editor\" data-id=\"d2c3179\" data-element_type=\"widget\" data-widget_type=\"text-editor.default\">\n\t\t\t\t<div class=\"elementor-widget-container\">\n\t\t\t\t\t\t\t\t\t<div class=\"flex flex-grow flex-col max-w-full\"><div class=\"min-h-[20px] text-message flex flex-col items-start gap-3 whitespace-pre-wrap break-words [.text-message+&amp;]:mt-5 overflow-x-auto\" dir=\"auto\" data-message-author-role=\"assistant\" data-message-id=\"c59068e9-49e1-458e-a132-0b503f1192d9\"><div class=\"markdown prose w-full break-words dark:prose-invert dark\"><h4>Bil tuning &#8211; Tuning BOXer<\/h4><p>V\u00e5rt tilbud inkluderer POWER BOX-er og TUNING BOX-er, det vil si eksterne <a href=\"https:\/\/www.dynojet.com\/dynamometers\/automotive\/\" target=\"_blank\" rel=\"noopener\">kontrollere<\/a> som er installert som uavhengige enheter for \u00e5 \u00f8ke effekten. Strukturen til BOX avhenger i stor grad av bilen den er beregnet for. N\u00e5r det gjelder moderne turbo-bensinmotorer, er POWERBOXene konstruert nesten p\u00e5 samme m\u00e5te som grunnversjonen av motorkontrolleren. En prosessor av h\u00f8y kvalitet styrer alle prosesser som foreg\u00e5r i POWER BOX, noe som sikrer stabil ytelse og p\u00e5litelighet.<\/p><p>Ved salg via postordre laster vi opp et grunnleggende, delikat program til enheten, som lar enhver fungerende bil kj\u00f8re uten problemer. N\u00e5r du installerer kontrolleren hos v\u00e5rt firma, stilles bilen inn p\u00e5 et dynamometer og programmet konfigureres individuelt for \u00e5 gi best mulig ytelse. Husk at bil tuning med POWER BOX ikke er det samme som chiptuning, og programmet kan ikke optimaliseres p\u00e5 samme m\u00e5te som under chiptuning, fordi vi ikke kan endre s\u00e5 mange parametere. Likevel tilbyr bil tuning med disse boksene en betydelig forbedring i ytelse, samtidig som det er enkelt \u00e5 tilpasse. Det er derfor bil tuning via POWER BOX er en popul\u00e6r l\u00f8sning blant bileiere som \u00f8nsker en enkel og sikker m\u00e5te \u00e5 \u00f8ke motoreffekten p\u00e5.<\/p><\/div><\/div><\/div>\t\t\t\t\t\t\t\t<\/div>\n\t\t\t\t<\/div>\n\t\t\t\t<\/div>\n\t\t<div class=\"elementor-element elementor-element-cd3bad4 e-con-full e-flex e-con e-child\" data-id=\"cd3bad4\" data-element_type=\"container\">\n\t\t\t\t<div class=\"elementor-element elementor-element-c9931da elementor-widget-mobile__width-inherit elementor-invisible elementor-widget elementor-widget-image\" data-id=\"c9931da\" data-element_type=\"widget\" data-settings=\"{&quot;_animation&quot;:&quot;fadeInRight&quot;}\" data-widget_type=\"image.default\">\n\t\t\t\t<div class=\"elementor-widget-container\">\n\t\t\t\t\t\t\t\t\t\t\t\t\t\t\t<img decoding=\"async\" width=\"364\" height=\"460\" src=\"https:\/\/bilhobbyverksted.no\/wp-content\/uploads\/2024\/04\/boxy1.jpg\" class=\"attachment-large size-large wp-image-1695\" alt=\"\" srcset=\"https:\/\/bilhobbyverksted.no\/wp-content\/uploads\/2024\/04\/boxy1.jpg 364w, https:\/\/bilhobbyverksted.no\/wp-content\/uploads\/2024\/04\/boxy1-237x300.jpg 237w, https:\/\/bilhobbyverksted.no\/wp-content\/uploads\/2024\/04\/boxy1-9x12.jpg 9w\" sizes=\"(max-width: 364px) 100vw, 364px\" \/>\t\t\t\t\t\t\t\t\t\t\t\t\t\t\t<\/div>\n\t\t\t\t<\/div>\n\t\t\t\t<\/div>\n\t\t\t\t\t<\/div>\n\t\t\t\t<\/div>\n\t\t<div class=\"elementor-element elementor-element-2ea5454 e-flex e-con-boxed e-con e-parent\" data-id=\"2ea5454\" data-element_type=\"container\" data-settings=\"{&quot;background_background&quot;:&quot;classic&quot;}\">\n\t\t\t\t\t<div class=\"e-con-inner\">\n\t\t<div class=\"elementor-element elementor-element-682d5a0 e-con-full e-flex e-con e-child\" data-id=\"682d5a0\" data-element_type=\"container\">\n\t\t\t\t<div class=\"elementor-element elementor-element-4bbe121 elementor-widget-mobile__width-inherit elementor-invisible elementor-widget elementor-widget-image\" data-id=\"4bbe121\" data-element_type=\"widget\" data-settings=\"{&quot;_animation&quot;:&quot;fadeInLeft&quot;}\" data-widget_type=\"image.default\">\n\t\t\t\t<div class=\"elementor-widget-container\">\n\t\t\t\t\t\t\t\t\t\t\t\t\t\t\t<img decoding=\"async\" width=\"364\" height=\"515\" src=\"https:\/\/bilhobbyverksted.no\/wp-content\/uploads\/2024\/04\/boxy2.png\" class=\"attachment-large size-large wp-image-1694\" alt=\"\" srcset=\"https:\/\/bilhobbyverksted.no\/wp-content\/uploads\/2024\/04\/boxy2.png 364w, https:\/\/bilhobbyverksted.no\/wp-content\/uploads\/2024\/04\/boxy2-212x300.png 212w, https:\/\/bilhobbyverksted.no\/wp-content\/uploads\/2024\/04\/boxy2-8x12.png 8w\" sizes=\"(max-width: 364px) 100vw, 364px\" \/>\t\t\t\t\t\t\t\t\t\t\t\t\t\t\t<\/div>\n\t\t\t\t<\/div>\n\t\t\t\t<\/div>\n\t\t<div class=\"elementor-element elementor-element-1a58647 e-con-full e-flex elementor-invisible e-con e-child\" data-id=\"1a58647\" data-element_type=\"container\" data-settings=\"{&quot;animation&quot;:&quot;fadeIn&quot;}\">\n\t\t\t\t<div class=\"elementor-element elementor-element-080566b elementor-widget elementor-widget-text-editor\" data-id=\"080566b\" data-element_type=\"widget\" data-widget_type=\"text-editor.default\">\n\t\t\t\t<div class=\"elementor-widget-container\">\n\t\t\t\t\t\t\t\t\t<h4>Bil tuning &#8211; alternativet for \u00e5 \u00f8ke kraften i biler med garanti<\/h4><p>Modern TUNING BOXes mounted on, for example, TSI\/TFSI engines or new turbo petrol engines from Mercedes and BMW have the ability to adjust within a much broader range than TUNING BOXes in diesel engines, allowing you to achieve approximately 360-380 hp in a new Golf R 2.0TSI 300hp, which is a fantastic result considering the POWER BOX and close to what is achieved with traditional chiptuning.<\/p><p>Vi selger bare POWER BOXer fra de beste produsentene av slike enheter i verden, testede og p\u00e5litelige l\u00f8sninger testet p\u00e5 dynamometeren v\u00e5r. I v\u00e5rt sortiment finner du Rapid Boxer fra Dimsport, JB4 produsert av Burger Tuning, Redbox fra en polsk produsent, Vtech-firmaet. Hver av selskapene har bedre og verre l\u00f8sninger, og takket v\u00e6re det brede spekteret av produkter, er vi i stand til \u00e5 velge det beste utstyret til den beste prisen for den spesifikke bilen. Mange forskjellige merker og modeller g\u00e5r gjennom v\u00e5r dynamometer, slik at v\u00e5r erfaring hovedsakelig er basert p\u00e5 praksis, ikke bare teori.<\/p><p>N\u00e5r det gjelder bil tuning, er POWER BOXer for noen bilmerker det eneste tilgjengelige alternativet for \u00e5 \u00f8ke kraften i biler med garanti. Hvis bilen skulle f\u00e5 en feil, eller f\u00f8r et bes\u00f8k hos forhandleren, kan enheten kobles fra av kunden og deretter monteres igjen. Den installerte programvaren vil ikke bli slettet, og det er ikke behov for \u00e5 justere p\u00e5 nytt. Dette gj\u00f8r bil tuning til en tryggere og enklere l\u00f8sning for bilentusiaster som \u00f8nsker mer ytelse uten \u00e5 risikere garantien. Hos oss finner du alt du trenger for optimal bil tuning.<\/p>\t\t\t\t\t\t\t\t<\/div>\n\t\t\t\t<\/div>\n\t\t\t\t<\/div>\n\t\t\t\t\t<\/div>\n\t\t\t\t<\/div>\n\t\t\t\t<\/div>","protected":false},"excerpt":{"rendered":"<p>Bil tuning: POWER BOKSER og TUNING BOKSER Bil tuning &#8211; vi tilbyr POWER BOXer og TUNING BOXer i v\u00e5rt sortiment, som er eksterne kontrollenheter som monteres som uavhengige enheter for \u00e5 \u00f8ke effekten. Konstruksjonen av en BOX avhenger i stor grad av hvilken bil den er beregnet for. For moderne turbo-bensinmotorer er POWER BOXer nesten [&hellip;]<\/p>","protected":false},"author":1,"featured_media":3650,"parent":0,"menu_order":0,"comment_status":"closed","ping_status":"closed","template":"","meta":{"_acf_changed":false,"site-sidebar-layout":"no-sidebar","site-content-layout":"page-builder","ast-site-content-layout":"full-width-container","site-content-style":"default","site-sidebar-style":"default","ast-global-header-display":"","ast-banner-title-visibility":"","ast-main-header-display":"","ast-hfb-above-header-display":"","ast-hfb-below-header-display":"","ast-hfb-mobile-header-display":"","site-post-title":"disabled","ast-breadcrumbs-content":"","ast-featured-img":"disabled","footer-sml-layout":"","theme-transparent-header-meta":"","adv-header-id-meta":"","stick-header-meta":"","header-above-stick-meta":"","header-main-stick-meta":"","header-below-stick-meta":"","astra-migrate-meta-layouts":"set","ast-page-background-enabled":"default","ast-page-background-meta":{"desktop":{"background-color":"var(--ast-global-color-4)","background-image":"","background-repeat":"repeat","background-position":"center center","background-size":"auto","background-attachment":"scroll","background-type":"","background-media":"","overlay-type":"","overlay-color":"","overlay-opacity":"","overlay-gradient":""},"tablet":{"background-color":"","background-image":"","background-repeat":"repeat","background-position":"center center","background-size":"auto","background-attachment":"scroll","background-type":"","background-media":"","overlay-type":"","overlay-color":"","overlay-opacity":"","overlay-gradient":""},"mobile":{"background-color":"","background-image":"","background-repeat":"repeat","background-position":"center center","background-size":"auto","background-attachment":"scroll","background-type":"","background-media":"","overlay-type":"","overlay-color":"","overlay-opacity":"","overlay-gradient":""}},"ast-content-background-meta":{"desktop":{"background-color":"var(--ast-global-color-5)","background-image":"","background-repeat":"repeat","background-position":"center center","background-size":"auto","background-attachment":"scroll","background-type":"","background-media":"","overlay-type":"","overlay-color":"","overlay-opacity":"","overlay-gradient":""},"tablet":{"background-color":"var(--ast-global-color-5)","background-image":"","background-repeat":"repeat","background-position":"center center","background-size":"auto","background-attachment":"scroll","background-type":"","background-media":"","overlay-type":"","overlay-color":"","overlay-opacity":"","overlay-gradient":""},"mobile":{"background-color":"var(--ast-global-color-5)","background-image":"","background-repeat":"repeat","background-position":"center center","background-size":"auto","background-attachment":"scroll","background-type":"","background-media":"","overlay-type":"","overlay-color":"","overlay-opacity":"","overlay-gradient":""}},"footnotes":""},"class_list":["post-1656","page","type-page","status-publish","has-post-thumbnail","hentry"],"acf":[],"jetpack_sharing_enabled":true,"_links":{"self":[{"href":"https:\/\/bilhobbyverksted.no\/en\/wp-json\/wp\/v2\/pages\/1656","targetHints":{"allow":["GET"]}}],"collection":[{"href":"https:\/\/bilhobbyverksted.no\/en\/wp-json\/wp\/v2\/pages"}],"about":[{"href":"https:\/\/bilhobbyverksted.no\/en\/wp-json\/wp\/v2\/types\/page"}],"author":[{"embeddable":true,"href":"https:\/\/bilhobbyverksted.no\/en\/wp-json\/wp\/v2\/users\/1"}],"replies":[{"embeddable":true,"href":"https:\/\/bilhobbyverksted.no\/en\/wp-json\/wp\/v2\/comments?post=1656"}],"version-history":[{"count":0,"href":"https:\/\/bilhobbyverksted.no\/en\/wp-json\/wp\/v2\/pages\/1656\/revisions"}],"wp:featuredmedia":[{"embeddable":true,"href":"https:\/\/bilhobbyverksted.no\/en\/wp-json\/wp\/v2\/media\/3650"}],"wp:attachment":[{"href":"https:\/\/bilhobbyverksted.no\/en\/wp-json\/wp\/v2\/media?parent=1656"}],"curies":[{"name":"wp","href":"https:\/\/api.w.org\/{rel}","templated":true}]}}