{"id":3059,"date":"2024-09-09T14:43:04","date_gmt":"2024-09-09T12:43:04","guid":{"rendered":"https:\/\/bilhobbyverksted.no\/?page_id=3059"},"modified":"2024-10-11T14:11:56","modified_gmt":"2024-10-11T12:11:56","slug":"leie-loftebukk","status":"publish","type":"page","link":"https:\/\/bilhobbyverksted.no\/en\/leie-loftebukk\/","title":{"rendered":"Rent a Car Lift Trondheim"},"content":{"rendered":"<div data-elementor-type=\"wp-page\" data-elementor-id=\"3059\" class=\"elementor elementor-3059\" data-elementor-post-type=\"page\">\n\t\t\t\t<div class=\"elementor-element elementor-element-63eb6193 e-flex e-con-boxed e-con e-parent\" data-id=\"63eb6193\" data-element_type=\"container\">\n\t\t\t\t\t<div class=\"e-con-inner\">\n\t\t\t\t<div class=\"elementor-element elementor-element-c3cf6e7 elementor-widget elementor-widget-image\" data-id=\"c3cf6e7\" data-element_type=\"widget\" data-widget_type=\"image.default\">\n\t\t\t\t<div class=\"elementor-widget-container\">\n\t\t\t\t\t\t\t\t\t\t\t\t\t\t\t<img decoding=\"async\" src=\"https:\/\/bilhobbyverksted.no\/wp-content\/uploads\/elementor\/thumbs\/Leie-loftebukk-Trondheim-scaled-qtusq5kh8vbqk5utis0q47dxac2ov4c6mo25d5fh6k.jpg\" title=\"Rent a Car Lift Trondheim\" alt=\"Leie l\u00f8ftebukk Trondheim\" loading=\"lazy\" \/>\t\t\t\t\t\t\t\t\t\t\t\t\t\t\t<\/div>\n\t\t\t\t<\/div>\n\t\t\t\t<div class=\"elementor-element elementor-element-40efe25 elementor-widget elementor-widget-heading\" data-id=\"40efe25\" data-element_type=\"widget\" data-widget_type=\"heading.default\">\n\t\t\t\t<div class=\"elementor-widget-container\">\n\t\t\t\t\t<h1 class=\"elementor-heading-title elementor-size-default\">Leie l\u00f8ftebukk i Trondheim <\/h1>\t\t\t\t<\/div>\n\t\t\t\t<\/div>\n\t\t\t\t<div class=\"elementor-element elementor-element-19d11d71 elementor-widget elementor-widget-text-editor\" data-id=\"19d11d71\" data-element_type=\"widget\" data-widget_type=\"text-editor.default\">\n\t\t\t\t<div class=\"elementor-widget-container\">\n\t\t\t\t\t\t\t\t\t\n<h3 class=\"wp-block-heading\"><strong>Leie l\u00f8ftebukk \u2013 En enkel l\u00f8sning for alle bilentusiaster<\/strong>?<\/h3>\n\n<p><a href=\"https:\/\/varebiltilleje.no\/\" target=\"_blank\" rel=\"noopener\">Rent a Car Lift Trondheim<\/a> &#8211; N\u00e5r det kommer til bilreparasjoner eller vedlikehold, er det mange som \u00f8nsker \u00e5 gj\u00f8re arbeidet selv. Det kan spare deg for penger og gi deg bedre kontroll over arbeidet som blir gjort p\u00e5 bilen din. Men mange hjemmegarasjer mangler det n\u00f8dvendige utstyret for \u00e5 kunne gjennomf\u00f8re st\u00f8rre reparasjoner eller prosjekter. Derfor kan det v\u00e6re en god id\u00e9 \u00e5 leie plass p\u00e5 et verksted som gir deg tilgang til profesjonelt utstyr \u2013 og en av de viktigste verkt\u00f8yene i et slikt verksted er en l\u00f8ftebukk.<\/p>\n<h3><strong>Sikkerhet og stabilitet for l\u00f8ftebukken<\/strong><\/h3>\n<p>N\u00e5r man bruker en l\u00f8ftebukk, er sikkerheten av st\u00f8rste betydning. For at en l\u00f8ftebukk skal fungere sikkert, m\u00e5 den v\u00e6re profesjonelt installert p\u00e5 et spesielt forberedt underlag for \u00e5 sikre stabilitet og forhindre risiko for tipping eller feilfunksjon. V\u00e5r l\u00f8ftebukk ble installert av et sertifisert firma p\u00e5 et profesjonelt forsterket fundament, spesialdesignet for \u00e5 t\u00e5le vekten av l\u00f8ftebukken og sikre trygg bruk. Dette fundamentet ble bygget med armert betong, i samsvar med alle n\u00f8dvendige standarder for \u00e5 garantere stabilitet og sikkerhet under bruk.<\/p>\n<p>I tillegg gjennomg\u00e5r v\u00e5r l\u00f8ftebukk alle lovp\u00e5lagte tekniske inspeksjoner for \u00e5 sikre at den forblir i optimal stand. Disse inspeksjonene utf\u00f8res av autorisert personell i henhold til gjeldende sikkerhetsforskrifter. Som et resultat kan du v\u00e6re trygg p\u00e5 at l\u00f8ftebukken er sikker i bruk, og du kan jobbe p\u00e5 kj\u00f8ret\u00f8yet ditt uten bekymring for stabiliteten eller funksjonaliteten til utstyret.<\/p>\n\n<h3 class=\"wp-block-heading\">Hva er en leie l\u00f8ftebukk?<\/h3>\n\n<p><a href=\"https:\/\/bilhobbyverksted.no\/en\/billig-bilverksted-trondheim\/\">En l\u00f8ftebukk<\/a> er en maskin som brukes til \u00e5 l\u00f8fte biler opp fra bakken. Dette gj\u00f8r det mye enklere \u00e5 komme til undersiden av bilen, enten du skal bytte olje, jobbe med bremsene, eksosanlegget eller bare ta en grundig inspeksjon av bilens understell. L\u00f8ftebukker er spesielt nyttige fordi de gir deg god plass og trygghet til \u00e5 jobbe, uten \u00e5 m\u00e5tte krype under bilen som ligger p\u00e5 en jekk.<\/p>\n\n<h3 class=\"wp-block-heading\">Gratis bruk av leie l\u00f8ftebukk n\u00e5r du leier verkstedplass<\/h3>\n\n<p>Hos oss har vi gjort det enkelt for deg \u00e5 f\u00e5 tilgang til det utstyret du trenger for \u00e5 vedlikeholde bilen din. N\u00e5r du leier verkstedplass hos oss, f\u00e5r du gratis tilgang til en <a href=\"https:\/\/bilhobbyverksted.no\/en\/billig-bilverksted-trondheim\/\">l\u00f8ftebukk<\/a>. Det betyr at du ikke trenger \u00e5 bekymre deg for \u00e5 m\u00e5tte leie ekstra utstyr \u2013 det er allerede inkludert i prisen for verkstedplassen. Denne tjenesten er perfekt for b\u00e5de hobbybilmekanikere og de som har behov for \u00e5 gj\u00f8re st\u00f8rre reparasjoner p\u00e5 bilen. Uansett om du bare skal bytte dekk, skifte olje, eller gj\u00f8re mer avanserte oppgaver, vil en l\u00f8ftebukk gj\u00f8re jobben mye lettere og tryggere.<\/p>\n\n<h3 class=\"wp-block-heading\">Hvorfor leie verkstedplass?<\/h3>\n\n<p>Det er mange fordeler med \u00e5 leie verkstedplass. F\u00f8rst og fremst f\u00e5r du tilgang til et profesjonelt arbeidsmilj\u00f8 uten \u00e5 m\u00e5tte investere i dyrt utstyr selv. Dette kan v\u00e6re sv\u00e6rt gunstig for de som ikke har plass eller \u00f8konomi til \u00e5 bygge et fullverdig verksted hjemme. Hos oss finner du alt du trenger, inkludert verkt\u00f8y, lys, og selvf\u00f8lgelig l\u00f8ftebukk. Ved \u00e5 leie verkstedplass, kan du ogs\u00e5 arbeide i et trygt milj\u00f8 hvor alt utstyr er tilrettelagt og vedlikeholdt for \u00e5 sikre din sikkerhet. Dette er viktig, spesielt n\u00e5r du jobber med tunge maskiner og komplekse oppgaver.<\/p>\n\n<h3 class=\"wp-block-heading\">Hvem passer dette for?<\/h3>\n\n<p>Leie av verkstedplass med gratis l\u00f8ftebukk passer for alle som trenger \u00e5 gj\u00f8re noe p\u00e5 bilen sin, men som ikke har tilgang til et godt utstyrt verksted hjemme. Dette kan v\u00e6re deg som bare \u00f8nsker \u00e5 gj\u00f8re sm\u00e5 vedlikeholdsjobber, eller deg som har et st\u00f8rre prosjekt du \u00f8nsker \u00e5 ta fatt p\u00e5. Det er ogs\u00e5 ideelt for de som liker \u00e5 jobbe med biler som en hobby, men ikke har plass til en l\u00f8ftebukk hjemme. V\u00e5rt verksted er tilgjengelig for b\u00e5de erfarne mekanikere og nybegynnere. Uansett hvilket ferdighetsniv\u00e5 du har, kan du dra nytte av v\u00e5r verkstedplass og bruke l\u00f8ftebukken gratis.<\/p>\n\n<h3 class=\"wp-block-heading\">Enkelt \u00e5 komme i gang<\/h3>\n\n<p>Det er veldig enkelt \u00e5 leie verkstedplass hos oss. Du kan enkelt bestille tid p\u00e5 forh\u00e5nd, slik at du er sikker p\u00e5 at vi har plass ledig n\u00e5r du trenger det. N\u00e5r du kommer til verkstedet v\u00e5rt, vil alt v\u00e6re klart for deg, og vi hjelper deg med \u00e5 sette opp bilen p\u00e5 l\u00f8ftebukken om n\u00f8dvendig. Du kan velge hvor lenge du trenger verkstedplassen \u2013 enten det bare er for noen timer eller en hel dag. V\u00e5rt m\u00e5l er \u00e5 gj\u00f8re det s\u00e5 fleksibelt og enkelt som mulig for deg \u00e5 f\u00e5 utf\u00f8rt arbeidet p\u00e5 bilen din.<\/p>\n\n<h3 class=\"wp-block-heading\">Fordeler med \u00e5 bruke en leie l\u00f8ftebukk<\/h3>\n\n<p>Det er mange fordeler ved \u00e5 bruke en l\u00f8ftebukk n\u00e5r du arbeider p\u00e5 bilen din. For det f\u00f8rste f\u00e5r du bedre tilgang til undersiden av bilen. Dette gj\u00f8r det lettere \u00e5 se hva du jobber med, og det gir deg muligheten til \u00e5 gj\u00f8re jobben raskere og mer effektivt. For det andre er det mye tryggere enn \u00e5 bruke en vanlig jekk. En l\u00f8ftebukk gir stabilitet og sikkerhet, noe som er spesielt viktig n\u00e5r du jobber med tunge kj\u00f8ret\u00f8y. Med en l\u00f8ftebukk kan du ogs\u00e5 st\u00e5 oppreist n\u00e5r du jobber, noe som er mer behagelig og reduserer belastningen p\u00e5 kroppen din. Det gj\u00f8r lange arbeids\u00f8kter mye mer komfortable.<\/p>\n\t\t\t\t\t\t\t\t<\/div>\n\t\t\t\t<\/div>\n\t\t\t\t<div class=\"elementor-element elementor-element-2f96bfb elementor-widget elementor-widget-image\" data-id=\"2f96bfb\" data-element_type=\"widget\" data-widget_type=\"image.default\">\n\t\t\t\t<div class=\"elementor-widget-container\">\n\t\t\t\t\t\t\t\t\t\t\t\t\t\t\t\t<a href=\"https:\/\/bilhobbyverksted.no\/en\/billig-bilverksted-trondheim\/\">\n\t\t\t\t\t\t\t<img decoding=\"async\" src=\"https:\/\/bilhobbyverksted.no\/wp-content\/uploads\/elementor\/thumbs\/Leie-loftebukk-Trondheim-scaled-qtusq5kh8vf7ddmyytyq5jyzmsmbn1eegxkxq78tcg.jpg\" title=\"Rent a Car Lift Trondheim\" alt=\"Leie l\u00f8ftebukk Trondheim\" loading=\"lazy\" \/>\t\t\t\t\t\t\t\t<\/a>\n\t\t\t\t\t\t\t\t\t\t\t\t\t\t\t<\/div>\n\t\t\t\t<\/div>\n\t\t\t\t\t<\/div>\n\t\t\t\t<\/div>\n\t\t<div class=\"elementor-element elementor-element-a6f658d e-flex e-con-boxed e-con e-parent\" data-id=\"a6f658d\" data-element_type=\"container\">\n\t\t\t\t\t<div class=\"e-con-inner\">\n\t\t\t\t<div class=\"elementor-element elementor-element-e4d4a6c elementor-widget-divider--view-line elementor-widget elementor-widget-divider\" data-id=\"e4d4a6c\" data-element_type=\"widget\" data-widget_type=\"divider.default\">\n\t\t\t\t<div class=\"elementor-widget-container\">\n\t\t\t\t\t\t\t<div class=\"elementor-divider\">\n\t\t\t<span class=\"elementor-divider-separator\">\n\t\t\t\t\t\t<\/span>\n\t\t<\/div>\n\t\t\t\t\t\t<\/div>\n\t\t\t\t<\/div>\n\t\t\t\t\t<\/div>\n\t\t\t\t<\/div>\n\t\t\t\t<\/div>","protected":false},"excerpt":{"rendered":"<p>Leie l\u00f8ftebukk i Trondheim Leie l\u00f8ftebukk \u2013 En enkel l\u00f8sning for alle bilentusiaster? Leie l\u00f8ftebukk Trondheim &#8211; N\u00e5r det kommer til bilreparasjoner eller vedlikehold, er det mange som \u00f8nsker \u00e5 gj\u00f8re arbeidet selv. Det kan spare deg for penger og gi deg bedre kontroll over arbeidet som blir gjort p\u00e5 bilen din. Men mange hjemmegarasjer [&hellip;]<\/p>","protected":false},"author":2,"featured_media":3068,"parent":0,"menu_order":0,"comment_status":"closed","ping_status":"closed","template":"elementor_header_footer","meta":{"_acf_changed":false,"site-sidebar-layout":"default","site-content-layout":"","ast-site-content-layout":"default","site-content-style":"default","site-sidebar-style":"default","ast-global-header-display":"","ast-banner-title-visibility":"","ast-main-header-display":"","ast-hfb-above-header-display":"","ast-hfb-below-header-display":"","ast-hfb-mobile-header-display":"","site-post-title":"","ast-breadcrumbs-content":"","ast-featured-img":"","footer-sml-layout":"","theme-transparent-header-meta":"","adv-header-id-meta":"","stick-header-meta":"","header-above-stick-meta":"","header-main-stick-meta":"","header-below-stick-meta":"","astra-migrate-meta-layouts":"set","ast-page-background-enabled":"default","ast-page-background-meta":{"desktop":{"background-color":"var(--ast-global-color-4)","background-image":"","background-repeat":"repeat","background-position":"center center","background-size":"auto","background-attachment":"scroll","background-type":"","background-media":"","overlay-type":"","overlay-color":"","overlay-opacity":"","overlay-gradient":""},"tablet":{"background-color":"","background-image":"","background-repeat":"repeat","background-position":"center center","background-size":"auto","background-attachment":"scroll","background-type":"","background-media":"","overlay-type":"","overlay-color":"","overlay-opacity":"","overlay-gradient":""},"mobile":{"background-color":"","background-image":"","background-repeat":"repeat","background-position":"center center","background-size":"auto","background-attachment":"scroll","background-type":"","background-media":"","overlay-type":"","overlay-color":"","overlay-opacity":"","overlay-gradient":""}},"ast-content-background-meta":{"desktop":{"background-color":"var(--ast-global-color-5)","background-image":"","background-repeat":"repeat","background-position":"center center","background-size":"auto","background-attachment":"scroll","background-type":"","background-media":"","overlay-type":"","overlay-color":"","overlay-opacity":"","overlay-gradient":""},"tablet":{"background-color":"var(--ast-global-color-5)","background-image":"","background-repeat":"repeat","background-position":"center center","background-size":"auto","background-attachment":"scroll","background-type":"","background-media":"","overlay-type":"","overlay-color":"","overlay-opacity":"","overlay-gradient":""},"mobile":{"background-color":"var(--ast-global-color-5)","background-image":"","background-repeat":"repeat","background-position":"center center","background-size":"auto","background-attachment":"scroll","background-type":"","background-media":"","overlay-type":"","overlay-color":"","overlay-opacity":"","overlay-gradient":""}},"footnotes":""},"class_list":["post-3059","page","type-page","status-publish","has-post-thumbnail","hentry"],"acf":[],"jetpack_sharing_enabled":true,"_links":{"self":[{"href":"https:\/\/bilhobbyverksted.no\/en\/wp-json\/wp\/v2\/pages\/3059","targetHints":{"allow":["GET"]}}],"collection":[{"href":"https:\/\/bilhobbyverksted.no\/en\/wp-json\/wp\/v2\/pages"}],"about":[{"href":"https:\/\/bilhobbyverksted.no\/en\/wp-json\/wp\/v2\/types\/page"}],"author":[{"embeddable":true,"href":"https:\/\/bilhobbyverksted.no\/en\/wp-json\/wp\/v2\/users\/2"}],"replies":[{"embeddable":true,"href":"https:\/\/bilhobbyverksted.no\/en\/wp-json\/wp\/v2\/comments?post=3059"}],"version-history":[{"count":0,"href":"https:\/\/bilhobbyverksted.no\/en\/wp-json\/wp\/v2\/pages\/3059\/revisions"}],"wp:featuredmedia":[{"embeddable":true,"href":"https:\/\/bilhobbyverksted.no\/en\/wp-json\/wp\/v2\/media\/3068"}],"wp:attachment":[{"href":"https:\/\/bilhobbyverksted.no\/en\/wp-json\/wp\/v2\/media?parent=3059"}],"curies":[{"name":"wp","href":"https:\/\/api.w.org\/{rel}","templated":true}]}}