{"id":4714,"date":"2025-07-03T13:50:09","date_gmt":"2025-07-03T11:50:09","guid":{"rendered":"https:\/\/bilhobbyverksted.no\/?page_id=4714"},"modified":"2025-09-25T16:00:13","modified_gmt":"2025-09-25T14:00:13","slug":"nettbutikk","status":"publish","type":"page","link":"https:\/\/bilhobbyverksted.no\/en\/nettbutikk\/","title":{"rendered":"Shop"},"content":{"rendered":"<div data-elementor-type=\"wp-page\" data-elementor-id=\"4714\" class=\"elementor elementor-4714\" data-elementor-post-type=\"page\">\n\t\t\t\t<div class=\"elementor-element elementor-element-3b79297 e-flex e-con-boxed e-con e-parent\" data-id=\"3b79297\" data-element_type=\"container\">\n\t\t\t\t\t<div class=\"e-con-inner\">\n\t\t\t\t<div class=\"elementor-element elementor-element-60bca64 elementor-widget elementor-widget-text-editor\" data-id=\"60bca64\" data-element_type=\"widget\" data-widget_type=\"text-editor.default\">\n\t\t\t\t<div class=\"elementor-widget-container\">\n\t\t\t\t\t\t\t\t\t<p>Oppdag alt du trenger til bilen p\u00e5 ett sted. I nettbutikken v\u00e5r finner du alt fra smarte dashbordkameraer &#8211; FITCAMX Dash Cam til SmartKidBelt. Vi sender raskt fra v\u00e5rt lager, tilbyr trygg betaling og hjelper deg med ekte fagkunnskap n\u00e5r du trenger r\u00e5d.<\/p>\t\t\t\t\t\t\t\t<\/div>\n\t\t\t\t<\/div>\n\t\t\t\t\t<\/div>\n\t\t\t\t<\/div>\n\t\t<div class=\"elementor-element elementor-element-cbc5b68 e-grid e-con-boxed e-con e-parent\" data-id=\"cbc5b68\" data-element_type=\"container\">\n\t\t\t\t\t<div class=\"e-con-inner\">\n\t\t\t\t<div class=\"elementor-element elementor-element-e71c1c8 elementor-widget elementor-widget-image\" data-id=\"e71c1c8\" data-element_type=\"widget\" data-widget_type=\"image.default\">\n\t\t\t\t<div class=\"elementor-widget-container\">\n\t\t\t\t\t\t\t\t\t\t\t\t<figure class=\"wp-caption\">\n\t\t\t\t\t\t\t\t\t\t\t<a href=\"https:\/\/bilhobbyverksted.no\/en\/smartkidbelt\/\">\n\t\t\t\t\t\t\t<img fetchpriority=\"high\" decoding=\"async\" width=\"300\" height=\"300\" src=\"https:\/\/bilhobbyverksted.no\/wp-content\/uploads\/2025\/07\/pas1-300x300.jpg\" class=\"elementor-animation-grow attachment-medium size-medium wp-image-4757\" alt=\"SmartKidBelt\" srcset=\"https:\/\/bilhobbyverksted.no\/wp-content\/uploads\/2025\/07\/pas1-300x300.jpg 300w, https:\/\/bilhobbyverksted.no\/wp-content\/uploads\/2025\/07\/pas1-1024x1024.jpg 1024w, https:\/\/bilhobbyverksted.no\/wp-content\/uploads\/2025\/07\/pas1-150x150.jpg 150w, https:\/\/bilhobbyverksted.no\/wp-content\/uploads\/2025\/07\/pas1-768x768.jpg 768w, https:\/\/bilhobbyverksted.no\/wp-content\/uploads\/2025\/07\/pas1-1536x1536.jpg 1536w, https:\/\/bilhobbyverksted.no\/wp-content\/uploads\/2025\/07\/pas1-2048x2048.jpg 2048w, https:\/\/bilhobbyverksted.no\/wp-content\/uploads\/2025\/07\/pas1-12x12.jpg 12w, https:\/\/bilhobbyverksted.no\/wp-content\/uploads\/2025\/07\/pas1-700x700.jpg 700w, https:\/\/bilhobbyverksted.no\/wp-content\/uploads\/2025\/07\/pas1-1000x1000.jpg 1000w, https:\/\/bilhobbyverksted.no\/wp-content\/uploads\/2025\/07\/pas1-100x100.jpg 100w\" sizes=\"(max-width: 300px) 100vw, 300px\" \/>\t\t\t\t\t\t\t\t<\/a>\n\t\t\t\t\t\t\t\t\t\t\t<figcaption class=\"widget-image-caption wp-caption-text\">SmartKidBelt<\/figcaption>\n\t\t\t\t\t\t\t\t\t\t<\/figure>\n\t\t\t\t\t\t\t\t\t<\/div>\n\t\t\t\t<\/div>\n\t\t\t\t<div class=\"elementor-element elementor-element-4f2b8f8 elementor-widget elementor-widget-image\" data-id=\"4f2b8f8\" data-element_type=\"widget\" data-widget_type=\"image.default\">\n\t\t\t\t<div class=\"elementor-widget-container\">\n\t\t\t\t\t\t\t\t\t\t\t\t<figure class=\"wp-caption\">\n\t\t\t\t\t\t\t\t\t\t\t<a href=\"https:\/\/bilhobbyverksted.no\/en\/fitcamx-dash-cam\/\">\n\t\t\t\t\t\t\t<img decoding=\"async\" width=\"300\" height=\"300\" src=\"https:\/\/bilhobbyverksted.no\/wp-content\/uploads\/2025\/07\/FITCAMX-Dash-Cam-Norge-300x300.jpg\" class=\"elementor-animation-grow attachment-medium size-medium wp-image-4869\" alt=\"FITCAMX Dash Cam\" srcset=\"https:\/\/bilhobbyverksted.no\/wp-content\/uploads\/2025\/07\/FITCAMX-Dash-Cam-Norge-300x300.jpg 300w, https:\/\/bilhobbyverksted.no\/wp-content\/uploads\/2025\/07\/FITCAMX-Dash-Cam-Norge-150x150.jpg 150w, https:\/\/bilhobbyverksted.no\/wp-content\/uploads\/2025\/07\/FITCAMX-Dash-Cam-Norge-768x768.jpg 768w, https:\/\/bilhobbyverksted.no\/wp-content\/uploads\/2025\/07\/FITCAMX-Dash-Cam-Norge-12x12.jpg 12w, https:\/\/bilhobbyverksted.no\/wp-content\/uploads\/2025\/07\/FITCAMX-Dash-Cam-Norge-700x700.jpg 700w, https:\/\/bilhobbyverksted.no\/wp-content\/uploads\/2025\/07\/FITCAMX-Dash-Cam-Norge-100x100.jpg 100w, https:\/\/bilhobbyverksted.no\/wp-content\/uploads\/2025\/07\/FITCAMX-Dash-Cam-Norge.jpg 1000w\" sizes=\"(max-width: 300px) 100vw, 300px\" \/>\t\t\t\t\t\t\t\t<\/a>\n\t\t\t\t\t\t\t\t\t\t\t<figcaption class=\"widget-image-caption wp-caption-text\">FITCAMX Dash Cam <\/figcaption>\n\t\t\t\t\t\t\t\t\t\t<\/figure>\n\t\t\t\t\t\t\t\t\t<\/div>\n\t\t\t\t<\/div>\n\t\t\t\t<div class=\"elementor-element elementor-element-44e12ad elementor-widget elementor-widget-image\" data-id=\"44e12ad\" data-element_type=\"widget\" data-widget_type=\"image.default\">\n\t\t\t\t<div class=\"elementor-widget-container\">\n\t\t\t\t\t\t\t\t\t\t\t\t<figure class=\"wp-caption\">\n\t\t\t\t\t\t\t\t\t\t<img decoding=\"async\" width=\"300\" height=\"246\" src=\"https:\/\/bilhobbyverksted.no\/wp-content\/uploads\/2025\/07\/carlinkit-shop-300x246.jpg\" class=\"attachment-medium size-medium wp-image-4911\" alt=\"carlinkit\" srcset=\"https:\/\/bilhobbyverksted.no\/wp-content\/uploads\/2025\/07\/carlinkit-shop-300x246.jpg 300w, https:\/\/bilhobbyverksted.no\/wp-content\/uploads\/2025\/07\/carlinkit-shop-1024x839.jpg 1024w, https:\/\/bilhobbyverksted.no\/wp-content\/uploads\/2025\/07\/carlinkit-shop-768x630.jpg 768w, https:\/\/bilhobbyverksted.no\/wp-content\/uploads\/2025\/07\/carlinkit-shop-15x12.jpg 15w, https:\/\/bilhobbyverksted.no\/wp-content\/uploads\/2025\/07\/carlinkit-shop-1000x820.jpg 1000w, https:\/\/bilhobbyverksted.no\/wp-content\/uploads\/2025\/07\/carlinkit-shop.jpg 1087w\" sizes=\"(max-width: 300px) 100vw, 300px\" \/>\t\t\t\t\t\t\t\t\t\t\t<figcaption class=\"widget-image-caption wp-caption-text\">Carlinkit<\/figcaption>\n\t\t\t\t\t\t\t\t\t\t<\/figure>\n\t\t\t\t\t\t\t\t\t<\/div>\n\t\t\t\t<\/div>\n\t\t\t\t\t<\/div>\n\t\t\t\t<\/div>\n\t\t\t\t<\/div>","protected":false},"excerpt":{"rendered":"<p>Oppdag alt du trenger til bilen p\u00e5 ett sted. I nettbutikken v\u00e5r finner du alt fra smarte dashbordkameraer &#8211; FITCAMX Dash Cam til SmartKidBelt. Vi sender raskt fra v\u00e5rt lager, tilbyr trygg betaling og hjelper deg med ekte fagkunnskap n\u00e5r du trenger r\u00e5d. SmartKidBelt FITCAMX Dash Cam Carlinkit<\/p>","protected":false},"author":2,"featured_media":0,"parent":0,"menu_order":0,"comment_status":"closed","ping_status":"closed","template":"","meta":{"_acf_changed":false,"site-sidebar-layout":"no-sidebar","site-content-layout":"page-builder","ast-site-content-layout":"full-width-container","site-content-style":"default","site-sidebar-style":"default","ast-global-header-display":"","ast-banner-title-visibility":"","ast-main-header-display":"","ast-hfb-above-header-display":"","ast-hfb-below-header-display":"","ast-hfb-mobile-header-display":"","site-post-title":"disabled","ast-breadcrumbs-content":"","ast-featured-img":"disabled","footer-sml-layout":"","theme-transparent-header-meta":"","adv-header-id-meta":"","stick-header-meta":"","header-above-stick-meta":"","header-main-stick-meta":"","header-below-stick-meta":"","astra-migrate-meta-layouts":"default","ast-page-background-enabled":"default","ast-page-background-meta":{"desktop":{"background-color":"var(--ast-global-color-4)","background-image":"","background-repeat":"repeat","background-position":"center center","background-size":"auto","background-attachment":"scroll","background-type":"","background-media":"","overlay-type":"","overlay-color":"","overlay-opacity":"","overlay-gradient":""},"tablet":{"background-color":"","background-image":"","background-repeat":"repeat","background-position":"center center","background-size":"auto","background-attachment":"scroll","background-type":"","background-media":"","overlay-type":"","overlay-color":"","overlay-opacity":"","overlay-gradient":""},"mobile":{"background-color":"","background-image":"","background-repeat":"repeat","background-position":"center center","background-size":"auto","background-attachment":"scroll","background-type":"","background-media":"","overlay-type":"","overlay-color":"","overlay-opacity":"","overlay-gradient":""}},"ast-content-background-meta":{"desktop":{"background-color":"var(--ast-global-color-5)","background-image":"","background-repeat":"repeat","background-position":"center center","background-size":"auto","background-attachment":"scroll","background-type":"","background-media":"","overlay-type":"","overlay-color":"","overlay-opacity":"","overlay-gradient":""},"tablet":{"background-color":"var(--ast-global-color-5)","background-image":"","background-repeat":"repeat","background-position":"center center","background-size":"auto","background-attachment":"scroll","background-type":"","background-media":"","overlay-type":"","overlay-color":"","overlay-opacity":"","overlay-gradient":""},"mobile":{"background-color":"var(--ast-global-color-5)","background-image":"","background-repeat":"repeat","background-position":"center center","background-size":"auto","background-attachment":"scroll","background-type":"","background-media":"","overlay-type":"","overlay-color":"","overlay-opacity":"","overlay-gradient":""}},"footnotes":""},"class_list":["post-4714","page","type-page","status-publish","hentry"],"acf":[],"jetpack_sharing_enabled":true,"_links":{"self":[{"href":"https:\/\/bilhobbyverksted.no\/en\/wp-json\/wp\/v2\/pages\/4714","targetHints":{"allow":["GET"]}}],"collection":[{"href":"https:\/\/bilhobbyverksted.no\/en\/wp-json\/wp\/v2\/pages"}],"about":[{"href":"https:\/\/bilhobbyverksted.no\/en\/wp-json\/wp\/v2\/types\/page"}],"author":[{"embeddable":true,"href":"https:\/\/bilhobbyverksted.no\/en\/wp-json\/wp\/v2\/users\/2"}],"replies":[{"embeddable":true,"href":"https:\/\/bilhobbyverksted.no\/en\/wp-json\/wp\/v2\/comments?post=4714"}],"version-history":[{"count":0,"href":"https:\/\/bilhobbyverksted.no\/en\/wp-json\/wp\/v2\/pages\/4714\/revisions"}],"wp:attachment":[{"href":"https:\/\/bilhobbyverksted.no\/en\/wp-json\/wp\/v2\/media?parent=4714"}],"curies":[{"name":"wp","href":"https:\/\/api.w.org\/{rel}","templated":true}]}}