{"id":4717,"date":"2025-07-03T13:42:15","date_gmt":"2025-07-03T11:42:15","guid":{"rendered":"https:\/\/bilhobbyverksted.no\/?page_id=4717"},"modified":"2025-09-16T14:46:50","modified_gmt":"2025-09-16T12:46:50","slug":"smartkidbelt","status":"publish","type":"page","link":"https:\/\/bilhobbyverksted.no\/en\/smartkidbelt\/","title":{"rendered":"SmartKidBelt"},"content":{"rendered":"<div data-elementor-type=\"wp-page\" data-elementor-id=\"4717\" class=\"elementor elementor-4717\" data-elementor-post-type=\"page\">\n\t\t\t\t<div class=\"elementor-element elementor-element-11b1108c e-flex e-con-boxed e-con e-parent\" data-id=\"11b1108c\" data-element_type=\"container\">\n\t\t\t\t\t<div class=\"e-con-inner\">\n\t\t\t\t<div class=\"elementor-element elementor-element-f35f307 elementor-widget elementor-widget-text-editor\" data-id=\"f35f307\" data-element_type=\"widget\" data-widget_type=\"text-editor.default\">\n\t\t\t\t<div class=\"elementor-widget-container\">\n\t\t\t\t\t\t\t\t\t\n<p data-start=\"2011\" data-end=\"2051\"><strong data-start=\"2011\" data-end=\"2051\">Smartkidbelt &#8211; hvordan det fungerer i virkeligheten?<\/strong><\/p>\n<p data-start=\"2056\" data-end=\"2348\">Tenk deg at du lander i utlandet, tar en taxi til hotellet med barna \u2013 men ingen barnesete i bilen. Du har med Smart Kid Belt \u2013 lett, enkelt \u00e5 ta fram fra bagasjen og klipse p\u00e5 beltet. I l\u00f8pet av noen sekunder er barnet sikret med bedre hofte- og skulderposisjon enn med vanlig belte alene. N\u00e5r du kommer til destinasjon hvor du har leiebil, buss eller andre transportmidler, gir Smart Kid Belt deg trygghet \u2014 uten at du m\u00e5 dra med deg stort, tungt barnesete.<br \/><br \/><strong><em>V\u00e5re Smart Kid Belt er utviklet i Europa, patentert og godkjent etter<a href=\"https:\/\/unece.org\/fileadmin\/DAM\/trans\/doc\/2020\/wp29grsp\/GRSP-67-32e.pdf?utm_source=chatgpt.com\" target=\"_blank\" rel=\"noopener\"> ECE R44.04.<\/a><br data-start=\"782\" data-end=\"785\" \/>N\u00e5r du ser etter alternativer p\u00e5 nettet, v\u00e6r oppmerksom p\u00e5 at enkelte produkter ikke er sertifiserte eller testet i henhold til internasjonale standarder. For barnas sikkerhet anbefaler vi \u00e5 alltid velge produkter med offisiell godkjenning.<\/em><\/strong><\/p>\n\n<p>\u00a0<\/p>\n\t\t\t\t\t\t\t\t<\/div>\n\t\t\t\t<\/div>\n\t\t\t\t<div class=\"elementor-element elementor-element-6c07550 elementor-widget elementor-widget-text-editor\" data-id=\"6c07550\" data-element_type=\"widget\" data-widget_type=\"text-editor.default\">\n\t\t\t\t<div class=\"elementor-widget-container\">\n\t\t\t\t\t\t\t\t\t<h5>Velg det som passer for deg: ett Smart Kid Belt eller en pakke for hele familien.<br \/><br data-start=\"418\" data-end=\"421\" \/>Bestill enkelt ved \u00e5 klikke p\u00e5 \u00f8nsket alternativ nedenfor:<\/h5>\t\t\t\t\t\t\t\t<\/div>\n\t\t\t\t<\/div>\n\t\t\t\t\t<\/div>\n\t\t\t\t<\/div>\n\t\t<div class=\"elementor-element elementor-element-0c72d41 e-grid e-con-boxed e-con e-parent\" data-id=\"0c72d41\" data-element_type=\"container\">\n\t\t\t\t\t<div class=\"e-con-inner\">\n\t\t\t\t<div class=\"elementor-element elementor-element-90869fd elementor-widget elementor-widget-image\" data-id=\"90869fd\" data-element_type=\"widget\" data-widget_type=\"image.default\">\n\t\t\t\t<div class=\"elementor-widget-container\">\n\t\t\t\t\t\t\t\t\t\t\t\t<figure class=\"wp-caption\">\n\t\t\t\t\t\t\t\t\t\t\t<a href=\"https:\/\/bilhobbyverksted.no\/en\/product\/1-x-smartkidbelt-1-pack\/\">\n\t\t\t\t\t\t\t<img fetchpriority=\"high\" decoding=\"async\" width=\"1024\" height=\"1024\" src=\"https:\/\/bilhobbyverksted.no\/wp-content\/uploads\/2025\/01\/pas-kwadrat-1024x1024.jpg\" class=\"attachment-large size-large wp-image-4690\" alt=\"1 x SmartKidBelt (1-pack)\" srcset=\"https:\/\/bilhobbyverksted.no\/wp-content\/uploads\/2025\/01\/pas-kwadrat-1024x1024.jpg 1024w, https:\/\/bilhobbyverksted.no\/wp-content\/uploads\/2025\/01\/pas-kwadrat-300x300.jpg 300w, https:\/\/bilhobbyverksted.no\/wp-content\/uploads\/2025\/01\/pas-kwadrat-150x150.jpg 150w, https:\/\/bilhobbyverksted.no\/wp-content\/uploads\/2025\/01\/pas-kwadrat-768x768.jpg 768w, https:\/\/bilhobbyverksted.no\/wp-content\/uploads\/2025\/01\/pas-kwadrat-1536x1536.jpg 1536w, https:\/\/bilhobbyverksted.no\/wp-content\/uploads\/2025\/01\/pas-kwadrat-2048x2048.jpg 2048w, https:\/\/bilhobbyverksted.no\/wp-content\/uploads\/2025\/01\/pas-kwadrat-12x12.jpg 12w, https:\/\/bilhobbyverksted.no\/wp-content\/uploads\/2025\/01\/pas-kwadrat-700x700.jpg 700w, https:\/\/bilhobbyverksted.no\/wp-content\/uploads\/2025\/01\/pas-kwadrat-1000x1000.jpg 1000w, https:\/\/bilhobbyverksted.no\/wp-content\/uploads\/2025\/01\/pas-kwadrat-100x100.jpg 100w\" sizes=\"(max-width: 1024px) 100vw, 1024px\" \/>\t\t\t\t\t\t\t\t<\/a>\n\t\t\t\t\t\t\t\t\t\t\t<figcaption class=\"widget-image-caption wp-caption-text\">1 x SmartKidBelt (1-pack)<\/figcaption>\n\t\t\t\t\t\t\t\t\t\t<\/figure>\n\t\t\t\t\t\t\t\t\t<\/div>\n\t\t\t\t<\/div>\n\t\t\t\t<div class=\"elementor-element elementor-element-cd9dd0c elementor-widget elementor-widget-image\" data-id=\"cd9dd0c\" data-element_type=\"widget\" data-widget_type=\"image.default\">\n\t\t\t\t<div class=\"elementor-widget-container\">\n\t\t\t\t\t\t\t\t\t\t\t\t<figure class=\"wp-caption\">\n\t\t\t\t\t\t\t\t\t\t\t<a href=\"https:\/\/bilhobbyverksted.no\/en\/product\/3-x-smartkidbelt-3-pack-2\/\">\n\t\t\t\t\t\t\t<img decoding=\"async\" width=\"1024\" height=\"1024\" src=\"https:\/\/bilhobbyverksted.no\/wp-content\/uploads\/2025\/01\/pas5-1024x1024.jpg\" class=\"attachment-large size-large wp-image-4688\" alt=\"2 x SmartKidBelt (2-pack)\" srcset=\"https:\/\/bilhobbyverksted.no\/wp-content\/uploads\/2025\/01\/pas5-1024x1024.jpg 1024w, https:\/\/bilhobbyverksted.no\/wp-content\/uploads\/2025\/01\/pas5-300x300.jpg 300w, https:\/\/bilhobbyverksted.no\/wp-content\/uploads\/2025\/01\/pas5-150x150.jpg 150w, https:\/\/bilhobbyverksted.no\/wp-content\/uploads\/2025\/01\/pas5-768x768.jpg 768w, https:\/\/bilhobbyverksted.no\/wp-content\/uploads\/2025\/01\/pas5-1536x1536.jpg 1536w, https:\/\/bilhobbyverksted.no\/wp-content\/uploads\/2025\/01\/pas5-2048x2048.jpg 2048w, https:\/\/bilhobbyverksted.no\/wp-content\/uploads\/2025\/01\/pas5-12x12.jpg 12w, https:\/\/bilhobbyverksted.no\/wp-content\/uploads\/2025\/01\/pas5-700x700.jpg 700w, https:\/\/bilhobbyverksted.no\/wp-content\/uploads\/2025\/01\/pas5-1000x1000.jpg 1000w, https:\/\/bilhobbyverksted.no\/wp-content\/uploads\/2025\/01\/pas5-100x100.jpg 100w\" sizes=\"(max-width: 1024px) 100vw, 1024px\" \/>\t\t\t\t\t\t\t\t<\/a>\n\t\t\t\t\t\t\t\t\t\t\t<figcaption class=\"widget-image-caption wp-caption-text\">2 x SmartKidBelt (2-pack)<\/figcaption>\n\t\t\t\t\t\t\t\t\t\t<\/figure>\n\t\t\t\t\t\t\t\t\t<\/div>\n\t\t\t\t<\/div>\n\t\t\t\t<div class=\"elementor-element elementor-element-abc59fd elementor-widget elementor-widget-image\" data-id=\"abc59fd\" data-element_type=\"widget\" data-widget_type=\"image.default\">\n\t\t\t\t<div class=\"elementor-widget-container\">\n\t\t\t\t\t\t\t\t\t\t\t\t<figure class=\"wp-caption\">\n\t\t\t\t\t\t\t\t\t\t\t<a href=\"https:\/\/bilhobbyverksted.no\/en\/product\/3-x-smartkidbelt-3-pack\/\">\n\t\t\t\t\t\t\t<img decoding=\"async\" width=\"1024\" height=\"1024\" src=\"https:\/\/bilhobbyverksted.no\/wp-content\/uploads\/2025\/01\/pas6-1-1024x1024.jpg\" class=\"attachment-large size-large wp-image-4687\" alt=\"3 x SmartKidBelt (3-pack)\" srcset=\"https:\/\/bilhobbyverksted.no\/wp-content\/uploads\/2025\/01\/pas6-1-1024x1024.jpg 1024w, https:\/\/bilhobbyverksted.no\/wp-content\/uploads\/2025\/01\/pas6-1-300x300.jpg 300w, https:\/\/bilhobbyverksted.no\/wp-content\/uploads\/2025\/01\/pas6-1-150x150.jpg 150w, https:\/\/bilhobbyverksted.no\/wp-content\/uploads\/2025\/01\/pas6-1-768x768.jpg 768w, https:\/\/bilhobbyverksted.no\/wp-content\/uploads\/2025\/01\/pas6-1-1536x1536.jpg 1536w, https:\/\/bilhobbyverksted.no\/wp-content\/uploads\/2025\/01\/pas6-1-2048x2048.jpg 2048w, https:\/\/bilhobbyverksted.no\/wp-content\/uploads\/2025\/01\/pas6-1-12x12.jpg 12w, https:\/\/bilhobbyverksted.no\/wp-content\/uploads\/2025\/01\/pas6-1-700x700.jpg 700w, https:\/\/bilhobbyverksted.no\/wp-content\/uploads\/2025\/01\/pas6-1-1000x1000.jpg 1000w, https:\/\/bilhobbyverksted.no\/wp-content\/uploads\/2025\/01\/pas6-1-100x100.jpg 100w\" sizes=\"(max-width: 1024px) 100vw, 1024px\" \/>\t\t\t\t\t\t\t\t<\/a>\n\t\t\t\t\t\t\t\t\t\t\t<figcaption class=\"widget-image-caption wp-caption-text\">3 x SmartKidBelt (3-pack)<\/figcaption>\n\t\t\t\t\t\t\t\t\t\t<\/figure>\n\t\t\t\t\t\t\t\t\t<\/div>\n\t\t\t\t<\/div>\n\t\t\t\t\t<\/div>\n\t\t\t\t<\/div>\n\t\t\t\t<\/div>","protected":false},"excerpt":{"rendered":"<p>Smartkidbelt &#8211; hvordan det fungerer i virkeligheten? Tenk deg at du lander i utlandet, tar en taxi til hotellet med barna \u2013 men ingen barnesete i bilen. Du har med Smart Kid Belt \u2013 lett, enkelt \u00e5 ta fram fra bagasjen og klipse p\u00e5 beltet. I l\u00f8pet av noen sekunder er barnet sikret med bedre [&hellip;]<\/p>","protected":false},"author":2,"featured_media":4686,"parent":0,"menu_order":0,"comment_status":"closed","ping_status":"closed","template":"","meta":{"_acf_changed":false,"site-sidebar-layout":"default","site-content-layout":"","ast-site-content-layout":"default","site-content-style":"default","site-sidebar-style":"default","ast-global-header-display":"","ast-banner-title-visibility":"","ast-main-header-display":"","ast-hfb-above-header-display":"","ast-hfb-below-header-display":"","ast-hfb-mobile-header-display":"","site-post-title":"","ast-breadcrumbs-content":"","ast-featured-img":"","footer-sml-layout":"","theme-transparent-header-meta":"","adv-header-id-meta":"","stick-header-meta":"","header-above-stick-meta":"","header-main-stick-meta":"","header-below-stick-meta":"","astra-migrate-meta-layouts":"set","ast-page-background-enabled":"default","ast-page-background-meta":{"desktop":{"background-color":"var(--ast-global-color-4)","background-image":"","background-repeat":"repeat","background-position":"center center","background-size":"auto","background-attachment":"scroll","background-type":"","background-media":"","overlay-type":"","overlay-color":"","overlay-gradient":""},"tablet":{"background-color":"","background-image":"","background-repeat":"repeat","background-position":"center center","background-size":"auto","background-attachment":"scroll","background-type":"","background-media":"","overlay-type":"","overlay-color":"","overlay-gradient":""},"mobile":{"background-color":"","background-image":"","background-repeat":"repeat","background-position":"center center","background-size":"auto","background-attachment":"scroll","background-type":"","background-media":"","overlay-type":"","overlay-color":"","overlay-gradient":""}},"ast-content-background-meta":{"desktop":{"background-color":"var(--ast-global-color-5)","background-image":"","background-repeat":"repeat","background-position":"center center","background-size":"auto","background-attachment":"scroll","background-type":"","background-media":"","overlay-type":"","overlay-color":"","overlay-gradient":""},"tablet":{"background-color":"var(--ast-global-color-5)","background-image":"","background-repeat":"repeat","background-position":"center center","background-size":"auto","background-attachment":"scroll","background-type":"","background-media":"","overlay-type":"","overlay-color":"","overlay-gradient":""},"mobile":{"background-color":"var(--ast-global-color-5)","background-image":"","background-repeat":"repeat","background-position":"center center","background-size":"auto","background-attachment":"scroll","background-type":"","background-media":"","overlay-type":"","overlay-color":"","overlay-gradient":""}},"footnotes":""},"class_list":["post-4717","page","type-page","status-publish","has-post-thumbnail","hentry"],"acf":[],"jetpack_sharing_enabled":true,"_links":{"self":[{"href":"https:\/\/bilhobbyverksted.no\/en\/wp-json\/wp\/v2\/pages\/4717","targetHints":{"allow":["GET"]}}],"collection":[{"href":"https:\/\/bilhobbyverksted.no\/en\/wp-json\/wp\/v2\/pages"}],"about":[{"href":"https:\/\/bilhobbyverksted.no\/en\/wp-json\/wp\/v2\/types\/page"}],"author":[{"embeddable":true,"href":"https:\/\/bilhobbyverksted.no\/en\/wp-json\/wp\/v2\/users\/2"}],"replies":[{"embeddable":true,"href":"https:\/\/bilhobbyverksted.no\/en\/wp-json\/wp\/v2\/comments?post=4717"}],"version-history":[{"count":0,"href":"https:\/\/bilhobbyverksted.no\/en\/wp-json\/wp\/v2\/pages\/4717\/revisions"}],"wp:featuredmedia":[{"embeddable":true,"href":"https:\/\/bilhobbyverksted.no\/en\/wp-json\/wp\/v2\/media\/4686"}],"wp:attachment":[{"href":"https:\/\/bilhobbyverksted.no\/en\/wp-json\/wp\/v2\/media?parent=4717"}],"curies":[{"name":"wp","href":"https:\/\/api.w.org\/{rel}","templated":true}]}}