{"id":4767,"date":"2025-07-04T10:15:10","date_gmt":"2025-07-04T08:15:10","guid":{"rendered":"https:\/\/bilhobbyverksted.no\/?page_id=4767"},"modified":"2026-01-22T21:24:30","modified_gmt":"2026-01-22T20:24:30","slug":"fitcamx-dash-cam","status":"publish","type":"page","link":"https:\/\/bilhobbyverksted.no\/en\/fitcamx-dash-cam\/","title":{"rendered":"FITCAMX Dash Cam"},"content":{"rendered":"<div data-elementor-type=\"wp-page\" data-elementor-id=\"4767\" class=\"elementor elementor-4767\" data-elementor-post-type=\"page\">\n\t\t\t\t<div class=\"elementor-element elementor-element-7dc91c5 e-flex e-con-boxed e-con e-parent\" data-id=\"7dc91c5\" data-element_type=\"container\">\n\t\t\t\t\t<div class=\"e-con-inner\">\n\t\t\t\t<div class=\"elementor-element elementor-element-9dc1239 elementor-widget elementor-widget-heading\" data-id=\"9dc1239\" data-element_type=\"widget\" data-widget_type=\"heading.default\">\n\t\t\t\t<div class=\"elementor-widget-container\">\n\t\t\t\t\t<h2 class=\"elementor-heading-title elementor-size-default\">FITCAMX Dash Cam <\/h2>\t\t\t\t<\/div>\n\t\t\t\t<\/div>\n\t\t\t\t<div class=\"elementor-element elementor-element-7d3d5b8 elementor-widget elementor-widget-text-editor\" data-id=\"7d3d5b8\" data-element_type=\"widget\" data-widget_type=\"text-editor.default\">\n\t\t\t\t<div class=\"elementor-widget-container\">\n\t\t\t\t\t\t\t\t\t<p>I mer enn ti \u00e5r har FITCAMX utviklet og designet integrerte dashbordkameraer. Selskapet satser p\u00e5 l\u00f8sninger som kombinerer video av h\u00f8y kvalitet med et diskret utseende som smelter inn i bilens originale interi\u00f8r. De tidligste modellene fikk str\u00f8m fra sikringsboksen og m\u00e5tte monteres av fagfolk, men ble likevel popul\u00e6re fordi installasjonen var nesten usynlig. Det store gjennombruddet kom da FITCAMX lanserte bransjens f\u00f8rste plug-and-play Y-kabel, som lot bil\u00adeiere montere kameraet selv uten \u00e5 endre bilens elektriske system. P\u00e5 under ett \u00e5r utviklet selskapet over 300 varianter av denne kabelen, tilpasset bestemte bilmodeller. Hvert FITCAMX-kamera testes dessuten i ekstrem kulde og varme etter bilindustriens standarder, noe som sikrer driftssikkerhet og stabil ytelse i mange \u00e5r.<\/p><h5><span style=\"text-decoration: underline;\"><em><strong>For \u00e5 bestille et dashcam, klikk p\u00e5 den modellen du er interessert i p\u00e5 bildene nedenfor:<\/strong><\/em><\/span><\/h5>\t\t\t\t\t\t\t\t<\/div>\n\t\t\t\t<\/div>\n\t\t\t\t\t<\/div>\n\t\t\t\t<\/div>\n\t\t<div class=\"elementor-element elementor-element-10c2ad5 e-grid e-con-boxed e-con e-parent\" data-id=\"10c2ad5\" data-element_type=\"container\">\n\t\t\t\t\t<div class=\"e-con-inner\">\n\t\t\t\t<div class=\"elementor-element elementor-element-2424f46 elementor-widget elementor-widget-image\" data-id=\"2424f46\" data-element_type=\"widget\" data-widget_type=\"image.default\">\n\t\t\t\t<div class=\"elementor-widget-container\">\n\t\t\t\t\t\t\t\t\t\t\t\t<figure class=\"wp-caption\">\n\t\t\t\t\t\t\t\t\t\t\t<a href=\"https:\/\/bilhobbyverksted.no\/en\/product\/fitcamx-dash-cam-vw-id-7\/\">\n\t\t\t\t\t\t\t<img fetchpriority=\"high\" decoding=\"async\" width=\"1000\" height=\"1000\" src=\"https:\/\/bilhobbyverksted.no\/wp-content\/uploads\/2025\/07\/FITCAMX-Dash-Cam-VW-ID.7-2023-2025.jpg\" class=\"attachment-large size-large wp-image-4775\" alt=\"FITCAMX Dash Cam VW ID.7 2023-2025\" srcset=\"https:\/\/bilhobbyverksted.no\/wp-content\/uploads\/2025\/07\/FITCAMX-Dash-Cam-VW-ID.7-2023-2025.jpg 1000w, https:\/\/bilhobbyverksted.no\/wp-content\/uploads\/2025\/07\/FITCAMX-Dash-Cam-VW-ID.7-2023-2025-300x300.jpg 300w, https:\/\/bilhobbyverksted.no\/wp-content\/uploads\/2025\/07\/FITCAMX-Dash-Cam-VW-ID.7-2023-2025-150x150.jpg 150w, https:\/\/bilhobbyverksted.no\/wp-content\/uploads\/2025\/07\/FITCAMX-Dash-Cam-VW-ID.7-2023-2025-768x768.jpg 768w, https:\/\/bilhobbyverksted.no\/wp-content\/uploads\/2025\/07\/FITCAMX-Dash-Cam-VW-ID.7-2023-2025-12x12.jpg 12w, https:\/\/bilhobbyverksted.no\/wp-content\/uploads\/2025\/07\/FITCAMX-Dash-Cam-VW-ID.7-2023-2025-700x700.jpg 700w, https:\/\/bilhobbyverksted.no\/wp-content\/uploads\/2025\/07\/FITCAMX-Dash-Cam-VW-ID.7-2023-2025-100x100.jpg 100w\" sizes=\"(max-width: 1000px) 100vw, 1000px\" \/>\t\t\t\t\t\t\t\t<\/a>\n\t\t\t\t\t\t\t\t\t\t\t<figcaption class=\"widget-image-caption wp-caption-text\">FITCAMX Dash Cam VW ID.7 2023-2026<\/figcaption>\n\t\t\t\t\t\t\t\t\t\t<\/figure>\n\t\t\t\t\t\t\t\t\t<\/div>\n\t\t\t\t<\/div>\n\t\t\t\t<div class=\"elementor-element elementor-element-5adfa9b elementor-widget elementor-widget-image\" data-id=\"5adfa9b\" data-element_type=\"widget\" data-widget_type=\"image.default\">\n\t\t\t\t<div class=\"elementor-widget-container\">\n\t\t\t\t\t\t\t\t\t\t\t\t<figure class=\"wp-caption\">\n\t\t\t\t\t\t\t\t\t\t\t<a href=\"https:\/\/bilhobbyverksted.no\/en\/product\/fitcamx-dash-cam-for-vw-id-3\/\">\n\t\t\t\t\t\t\t<img decoding=\"async\" width=\"1000\" height=\"1000\" src=\"https:\/\/bilhobbyverksted.no\/wp-content\/uploads\/2025\/07\/id3-id4-id5-pic2.jpg\" class=\"attachment-large size-large wp-image-4801\" alt=\"FITCAMX Dash Cam VW ID.3 2020-2024\" srcset=\"https:\/\/bilhobbyverksted.no\/wp-content\/uploads\/2025\/07\/id3-id4-id5-pic2.jpg 1000w, https:\/\/bilhobbyverksted.no\/wp-content\/uploads\/2025\/07\/id3-id4-id5-pic2-300x300.jpg 300w, https:\/\/bilhobbyverksted.no\/wp-content\/uploads\/2025\/07\/id3-id4-id5-pic2-150x150.jpg 150w, https:\/\/bilhobbyverksted.no\/wp-content\/uploads\/2025\/07\/id3-id4-id5-pic2-768x768.jpg 768w, https:\/\/bilhobbyverksted.no\/wp-content\/uploads\/2025\/07\/id3-id4-id5-pic2-12x12.jpg 12w, https:\/\/bilhobbyverksted.no\/wp-content\/uploads\/2025\/07\/id3-id4-id5-pic2-700x700.jpg 700w, https:\/\/bilhobbyverksted.no\/wp-content\/uploads\/2025\/07\/id3-id4-id5-pic2-100x100.jpg 100w\" sizes=\"(max-width: 1000px) 100vw, 1000px\" \/>\t\t\t\t\t\t\t\t<\/a>\n\t\t\t\t\t\t\t\t\t\t\t<figcaption class=\"widget-image-caption wp-caption-text\">FITCAMX Dash Cam VW ID.3 2023-2026<\/figcaption>\n\t\t\t\t\t\t\t\t\t\t<\/figure>\n\t\t\t\t\t\t\t\t\t<\/div>\n\t\t\t\t<\/div>\n\t\t\t\t<div class=\"elementor-element elementor-element-0165f32 elementor-widget elementor-widget-image\" data-id=\"0165f32\" data-element_type=\"widget\" data-widget_type=\"image.default\">\n\t\t\t\t<div class=\"elementor-widget-container\">\n\t\t\t\t\t\t\t\t\t\t\t\t<figure class=\"wp-caption\">\n\t\t\t\t\t\t\t\t\t\t\t<a href=\"https:\/\/bilhobbyverksted.no\/en\/product\/fitcamx-dash-cam-vw-id-4-id-5-id-6\/\">\n\t\t\t\t\t\t\t<img decoding=\"async\" width=\"1000\" height=\"1000\" src=\"https:\/\/bilhobbyverksted.no\/wp-content\/uploads\/2025\/07\/id3-id4-id5-pic1.jpg\" class=\"attachment-large size-large wp-image-4802\" alt=\"FITCAMX Dash Cam VW ID.4,ID.5, ID.6 2021-2025\" srcset=\"https:\/\/bilhobbyverksted.no\/wp-content\/uploads\/2025\/07\/id3-id4-id5-pic1.jpg 1000w, https:\/\/bilhobbyverksted.no\/wp-content\/uploads\/2025\/07\/id3-id4-id5-pic1-300x300.jpg 300w, https:\/\/bilhobbyverksted.no\/wp-content\/uploads\/2025\/07\/id3-id4-id5-pic1-150x150.jpg 150w, https:\/\/bilhobbyverksted.no\/wp-content\/uploads\/2025\/07\/id3-id4-id5-pic1-768x768.jpg 768w, https:\/\/bilhobbyverksted.no\/wp-content\/uploads\/2025\/07\/id3-id4-id5-pic1-12x12.jpg 12w, https:\/\/bilhobbyverksted.no\/wp-content\/uploads\/2025\/07\/id3-id4-id5-pic1-700x700.jpg 700w, https:\/\/bilhobbyverksted.no\/wp-content\/uploads\/2025\/07\/id3-id4-id5-pic1-100x100.jpg 100w\" sizes=\"(max-width: 1000px) 100vw, 1000px\" \/>\t\t\t\t\t\t\t\t<\/a>\n\t\t\t\t\t\t\t\t\t\t\t<figcaption class=\"widget-image-caption wp-caption-text\">FITCAMX Dash Cam  ID.4, ID.5, ID.6 2023-2026<\/figcaption>\n\t\t\t\t\t\t\t\t\t\t<\/figure>\n\t\t\t\t\t\t\t\t\t<\/div>\n\t\t\t\t<\/div>\n\t\t\t\t<div class=\"elementor-element elementor-element-160bf93 elementor-widget elementor-widget-image\" data-id=\"160bf93\" data-element_type=\"widget\" data-widget_type=\"image.default\">\n\t\t\t\t<div class=\"elementor-widget-container\">\n\t\t\t\t\t\t\t\t\t\t\t\t<figure class=\"wp-caption\">\n\t\t\t\t\t\t\t\t\t\t\t<a href=\"https:\/\/bilhobbyverksted.no\/en\/product\/fitcamx-dash-cam-for-2022-2025-kia-ev6-kia-ev6-gt\/\">\n\t\t\t\t\t\t\t<img loading=\"lazy\" decoding=\"async\" width=\"1000\" height=\"1000\" src=\"https:\/\/bilhobbyverksted.no\/wp-content\/uploads\/2025\/10\/kia-ev6-1.jpg\" class=\"attachment-large size-large wp-image-5530\" alt=\"kia ev6 dash camera\" srcset=\"https:\/\/bilhobbyverksted.no\/wp-content\/uploads\/2025\/10\/kia-ev6-1.jpg 1000w, https:\/\/bilhobbyverksted.no\/wp-content\/uploads\/2025\/10\/kia-ev6-1-300x300.jpg 300w, https:\/\/bilhobbyverksted.no\/wp-content\/uploads\/2025\/10\/kia-ev6-1-150x150.jpg 150w, https:\/\/bilhobbyverksted.no\/wp-content\/uploads\/2025\/10\/kia-ev6-1-768x768.jpg 768w, https:\/\/bilhobbyverksted.no\/wp-content\/uploads\/2025\/10\/kia-ev6-1-12x12.jpg 12w, https:\/\/bilhobbyverksted.no\/wp-content\/uploads\/2025\/10\/kia-ev6-1-700x700.jpg 700w, https:\/\/bilhobbyverksted.no\/wp-content\/uploads\/2025\/10\/kia-ev6-1-100x100.jpg 100w\" sizes=\"(max-width: 1000px) 100vw, 1000px\" \/>\t\t\t\t\t\t\t\t<\/a>\n\t\t\t\t\t\t\t\t\t\t\t<figcaption class=\"widget-image-caption wp-caption-text\">FITCAMX Dash Cam for 2022-2026 Kia EV6\/GT<\/figcaption>\n\t\t\t\t\t\t\t\t\t\t<\/figure>\n\t\t\t\t\t\t\t\t\t<\/div>\n\t\t\t\t<\/div>\n\t\t\t\t<div class=\"elementor-element elementor-element-0df9897 elementor-widget elementor-widget-image\" data-id=\"0df9897\" data-element_type=\"widget\" data-widget_type=\"image.default\">\n\t\t\t\t<div class=\"elementor-widget-container\">\n\t\t\t\t\t\t\t\t\t\t\t\t<figure class=\"wp-caption\">\n\t\t\t\t\t\t\t\t\t\t\t<a href=\"https:\/\/bilhobbyverksted.no\/en\/product\/fitcamx-dash-cam-for-polestar2\/\">\n\t\t\t\t\t\t\t<img loading=\"lazy\" decoding=\"async\" width=\"1000\" height=\"1000\" src=\"https:\/\/bilhobbyverksted.no\/wp-content\/uploads\/2025\/10\/polestar-2.jpg\" class=\"attachment-large size-large wp-image-5541\" alt=\"polestar 2 dash camera\" srcset=\"https:\/\/bilhobbyverksted.no\/wp-content\/uploads\/2025\/10\/polestar-2.jpg 1000w, https:\/\/bilhobbyverksted.no\/wp-content\/uploads\/2025\/10\/polestar-2-300x300.jpg 300w, https:\/\/bilhobbyverksted.no\/wp-content\/uploads\/2025\/10\/polestar-2-150x150.jpg 150w, https:\/\/bilhobbyverksted.no\/wp-content\/uploads\/2025\/10\/polestar-2-768x768.jpg 768w, https:\/\/bilhobbyverksted.no\/wp-content\/uploads\/2025\/10\/polestar-2-12x12.jpg 12w, https:\/\/bilhobbyverksted.no\/wp-content\/uploads\/2025\/10\/polestar-2-700x700.jpg 700w, https:\/\/bilhobbyverksted.no\/wp-content\/uploads\/2025\/10\/polestar-2-100x100.jpg 100w\" sizes=\"(max-width: 1000px) 100vw, 1000px\" \/>\t\t\t\t\t\t\t\t<\/a>\n\t\t\t\t\t\t\t\t\t\t\t<figcaption class=\"widget-image-caption wp-caption-text\">Fitcamx Dash Cam For  Polestar2<\/figcaption>\n\t\t\t\t\t\t\t\t\t\t<\/figure>\n\t\t\t\t\t\t\t\t\t<\/div>\n\t\t\t\t<\/div>\n\t\t\t\t<div class=\"elementor-element elementor-element-df1f77d elementor-widget elementor-widget-image\" data-id=\"df1f77d\" data-element_type=\"widget\" data-widget_type=\"image.default\">\n\t\t\t\t<div class=\"elementor-widget-container\">\n\t\t\t\t\t\t\t\t\t\t\t\t<figure class=\"wp-caption\">\n\t\t\t\t\t\t\t\t\t\t\t<a href=\"https:\/\/bilhobbyverksted.no\/en\/product\/fitcamx-dash-cam-for-volvo-c40-ec40\/\">\n\t\t\t\t\t\t\t<img loading=\"lazy\" decoding=\"async\" width=\"1000\" height=\"1000\" src=\"https:\/\/bilhobbyverksted.no\/wp-content\/uploads\/2025\/10\/volvo-c40-ec40.jpg\" class=\"attachment-large size-large wp-image-5548\" alt=\"volvo c40 ec40\" srcset=\"https:\/\/bilhobbyverksted.no\/wp-content\/uploads\/2025\/10\/volvo-c40-ec40.jpg 1000w, https:\/\/bilhobbyverksted.no\/wp-content\/uploads\/2025\/10\/volvo-c40-ec40-300x300.jpg 300w, https:\/\/bilhobbyverksted.no\/wp-content\/uploads\/2025\/10\/volvo-c40-ec40-150x150.jpg 150w, https:\/\/bilhobbyverksted.no\/wp-content\/uploads\/2025\/10\/volvo-c40-ec40-768x768.jpg 768w, https:\/\/bilhobbyverksted.no\/wp-content\/uploads\/2025\/10\/volvo-c40-ec40-12x12.jpg 12w, https:\/\/bilhobbyverksted.no\/wp-content\/uploads\/2025\/10\/volvo-c40-ec40-700x700.jpg 700w, https:\/\/bilhobbyverksted.no\/wp-content\/uploads\/2025\/10\/volvo-c40-ec40-100x100.jpg 100w\" sizes=\"(max-width: 1000px) 100vw, 1000px\" \/>\t\t\t\t\t\t\t\t<\/a>\n\t\t\t\t\t\t\t\t\t\t\t<figcaption class=\"widget-image-caption wp-caption-text\">FITCAMX Dash Cam Volvo C40 EC40 2022-2026<\/figcaption>\n\t\t\t\t\t\t\t\t\t\t<\/figure>\n\t\t\t\t\t\t\t\t\t<\/div>\n\t\t\t\t<\/div>\n\t\t\t\t<div class=\"elementor-element elementor-element-baeb04e elementor-widget elementor-widget-image\" data-id=\"baeb04e\" data-element_type=\"widget\" data-widget_type=\"image.default\">\n\t\t\t\t<div class=\"elementor-widget-container\">\n\t\t\t\t\t\t\t\t\t\t\t\t<figure class=\"wp-caption\">\n\t\t\t\t\t\t\t\t\t\t\t<a href=\"https:\/\/bilhobbyverksted.no\/en\/product\/fitcamx-dash-cam-for-volkswagen-id-buzz\/\">\n\t\t\t\t\t\t\t<img loading=\"lazy\" decoding=\"async\" width=\"1000\" height=\"1000\" src=\"https:\/\/bilhobbyverksted.no\/wp-content\/uploads\/2026\/01\/id-buzz-fitcam.jpg\" class=\"attachment-large size-large wp-image-5876\" alt=\"\" srcset=\"https:\/\/bilhobbyverksted.no\/wp-content\/uploads\/2026\/01\/id-buzz-fitcam.jpg 1000w, https:\/\/bilhobbyverksted.no\/wp-content\/uploads\/2026\/01\/id-buzz-fitcam-300x300.jpg 300w, https:\/\/bilhobbyverksted.no\/wp-content\/uploads\/2026\/01\/id-buzz-fitcam-150x150.jpg 150w, https:\/\/bilhobbyverksted.no\/wp-content\/uploads\/2026\/01\/id-buzz-fitcam-768x768.jpg 768w, https:\/\/bilhobbyverksted.no\/wp-content\/uploads\/2026\/01\/id-buzz-fitcam-12x12.jpg 12w, https:\/\/bilhobbyverksted.no\/wp-content\/uploads\/2026\/01\/id-buzz-fitcam-700x700.jpg 700w, https:\/\/bilhobbyverksted.no\/wp-content\/uploads\/2026\/01\/id-buzz-fitcam-100x100.jpg 100w\" sizes=\"(max-width: 1000px) 100vw, 1000px\" \/>\t\t\t\t\t\t\t\t<\/a>\n\t\t\t\t\t\t\t\t\t\t\t<figcaption class=\"widget-image-caption wp-caption-text\">FITCAMX Dash Cam for Volkswagen ID Buzz <\/figcaption>\n\t\t\t\t\t\t\t\t\t\t<\/figure>\n\t\t\t\t\t\t\t\t\t<\/div>\n\t\t\t\t<\/div>\n\t\t\t\t\t<\/div>\n\t\t\t\t<\/div>\n\t\t<div class=\"elementor-element elementor-element-44a6a93 e-flex e-con-boxed e-con e-parent\" data-id=\"44a6a93\" data-element_type=\"container\">\n\t\t\t\t\t<div class=\"e-con-inner\">\n\t\t\t\t<div class=\"elementor-element elementor-element-5ddec85 elementor-widget-divider--view-line elementor-widget elementor-widget-divider\" data-id=\"5ddec85\" data-element_type=\"widget\" data-widget_type=\"divider.default\">\n\t\t\t\t<div class=\"elementor-widget-container\">\n\t\t\t\t\t\t\t<div class=\"elementor-divider\">\n\t\t\t<span class=\"elementor-divider-separator\">\n\t\t\t\t\t\t<\/span>\n\t\t<\/div>\n\t\t\t\t\t\t<\/div>\n\t\t\t\t<\/div>\n\t\t\t\t<div class=\"elementor-element elementor-element-ebc3768 elementor-widget elementor-widget-text-editor\" data-id=\"ebc3768\" data-element_type=\"widget\" data-widget_type=\"text-editor.default\">\n\t\t\t\t<div class=\"elementor-widget-container\">\n\t\t\t\t\t\t\t\t\t<h3>FITCAMX Dash Cam \u2013 viktigste fordeler<\/h3><ul><li><p><strong>OEM-integrasjon<\/strong><br \/>Erstatter bilens originale speildeksel, s\u00e5 kameraet ser fabrikkmontert ut. Ingen l\u00f8se kabler eller sugekopper.<\/p><\/li><li><p><strong>Plug-and-play-montering<\/strong><br \/>\u00c9n kontakt \u2013 ferdig. Tar som regel under 60 minutter og p\u00e5virker ikke bilgarantien.<\/p><\/li><li><p><strong>4K Ultra HD-opptak<\/strong><br \/>H\u00f8y oppl\u00f8sning gir skarpe registreringsnumre og detaljer, selv i d\u00e5rlig lys.<\/p><\/li><li><p><strong>Vidvinkelobjektiv (150\u2013160\u00b0)<\/strong><br \/>Dekker hele kj\u00f8rebanen og veiskulderen for \u00e5 minimere blindsoner.<\/p><\/li><li><p><strong>Wi-Fi og mobilapp<\/strong><br \/>Last ned klipp og juster innstillinger direkte p\u00e5 telefonen uten \u00e5 fjerne micro-SD-kortet.<\/p><\/li><li><p><strong>Parkeringsmodus med G-sensor<\/strong><br \/>Registrerer st\u00f8t og bevegelser n\u00e5r bilen st\u00e5r parkert \u2013 ideelt mot sm\u00e5skader og h\u00e6rverk.<\/p><\/li><li><p><strong>Innebygd GPS<\/strong><br \/>Lagrer hastighet og posisjon sammen med videoen for ekstra dokumentasjon.<\/p><\/li><li><p><strong>S\u00f8ml\u00f8s loop-opptak<\/strong><br \/>Overskriver automatisk de eldste filene s\u00e5 lenge minnekortet er fullt \u2013 alltid klar til \u00e5 filme.<\/p><\/li><\/ul>\t\t\t\t\t\t\t\t<\/div>\n\t\t\t\t<\/div>\n\t\t\t\t\t<\/div>\n\t\t\t\t<\/div>\n\t\t<div class=\"elementor-element elementor-element-9d9abe9 e-flex e-con-boxed e-con e-parent\" data-id=\"9d9abe9\" data-element_type=\"container\">\n\t\t\t\t\t<div class=\"e-con-inner\">\n\t\t\t\t<div class=\"elementor-element elementor-element-6b0fc8c elementor-widget elementor-widget-text-editor\" data-id=\"6b0fc8c\" data-element_type=\"widget\" data-widget_type=\"text-editor.default\">\n\t\t\t\t<div class=\"elementor-widget-container\">\n\t\t\t\t\t\t\t\t\t<p data-start=\"0\" data-end=\"31\">Alle Fitcamx-kameraer og tilbeh\u00f8r kan du montere selv i v\u00e5rt hobbyverksted, som du leier p\u00e5 timebasis. Hallen er utstyrt med spesialverkt\u00f8y \u2013 alt som forenkler installasjonen. Du kan la bilen st\u00e5 med d\u00f8rene \u00e5pne uten \u00e5 koke inne; lokalet er t\u00f8rt, godt ventilert og skjermet for regn, s\u00e5 du kan ta en pust i frisk luft n\u00e5r du vil. Komplett pakke med kamera og \u00e9n time hall-leie koster kun <strong data-start=\"499\" data-end=\"511\">2 499 z\u0142<\/strong>.<\/p><p><strong data-start=\"0\" data-end=\"31\">Slik fungerer det i praksis:<\/strong><\/p><p data-start=\"33\" data-end=\"147\">For \u00e5 bruke hobbyverkstedet er alt du trenger \u00e5 gj\u00f8re \u00e5 bestille kameraet og deretter reservere \u00e9n time i hallen.<\/p><ul data-start=\"149\" data-end=\"389\"><li data-start=\"149\" data-end=\"239\"><p data-start=\"151\" data-end=\"239\">Ved booking betaler du <strong data-start=\"174\" data-end=\"185\">500 NOK<\/strong> for timen + <strong data-start=\"198\" data-end=\"211\">2 000 NOK<\/strong> i refunderbart depositum.<\/p><\/li><li data-start=\"240\" data-end=\"329\"><p data-start=\"242\" data-end=\"329\">N\u00e5r hallen leveres tilbake, refunderer vi <strong data-start=\"284\" data-end=\"297\">2 200 NOK<\/strong> (depositum + 200 NOK rabatt).<\/p><\/li><li data-start=\"330\" data-end=\"389\"><p data-start=\"332\" data-end=\"389\">Den reelle kostnaden for \u00e9n time blir dermed <strong data-start=\"377\" data-end=\"388\">300 NOK<\/strong>.<\/p><\/li><\/ul><p data-start=\"391\" data-end=\"535\" data-is-last-node=\"\" data-is-only-node=\"\">\u00d8nsker du at vi utf\u00f8rer monteringen, ordner vi det for <strong data-start=\"446\" data-end=\"457\">500 NOK<\/strong>. Totalt betaler du da <strong data-start=\"480\" data-end=\"493\">2 199 NOK<\/strong> for kameraet + <strong data-start=\"509\" data-end=\"520\">500 NOK<\/strong> for montering.<\/p>\t\t\t\t\t\t\t\t<\/div>\n\t\t\t\t<\/div>\n\t\t\t\t\t<\/div>\n\t\t\t\t<\/div>\n\t\t\t\t<\/div>","protected":false},"excerpt":{"rendered":"<p>FITCAMX Dash Cam I mer enn ti \u00e5r har FITCAMX utviklet og designet integrerte dashbordkameraer. Selskapet satser p\u00e5 l\u00f8sninger som kombinerer video av h\u00f8y kvalitet med et diskret utseende som smelter inn i bilens originale interi\u00f8r. De tidligste modellene fikk str\u00f8m fra sikringsboksen og m\u00e5tte monteres av fagfolk, men ble likevel popul\u00e6re fordi installasjonen var [&hellip;]<\/p>","protected":false},"author":2,"featured_media":4768,"parent":0,"menu_order":0,"comment_status":"closed","ping_status":"closed","template":"","meta":{"_acf_changed":false,"site-sidebar-layout":"no-sidebar","site-content-layout":"page-builder","ast-site-content-layout":"full-width-container","site-content-style":"default","site-sidebar-style":"default","ast-global-header-display":"","ast-banner-title-visibility":"","ast-main-header-display":"","ast-hfb-above-header-display":"","ast-hfb-below-header-display":"","ast-hfb-mobile-header-display":"","site-post-title":"disabled","ast-breadcrumbs-content":"","ast-featured-img":"disabled","footer-sml-layout":"","theme-transparent-header-meta":"","adv-header-id-meta":"","stick-header-meta":"","header-above-stick-meta":"","header-main-stick-meta":"","header-below-stick-meta":"","astra-migrate-meta-layouts":"set","ast-page-background-enabled":"default","ast-page-background-meta":{"desktop":{"background-color":"var(--ast-global-color-4)","background-image":"","background-repeat":"repeat","background-position":"center center","background-size":"auto","background-attachment":"scroll","background-type":"","background-media":"","overlay-type":"","overlay-color":"","overlay-gradient":""},"tablet":{"background-color":"","background-image":"","background-repeat":"repeat","background-position":"center center","background-size":"auto","background-attachment":"scroll","background-type":"","background-media":"","overlay-type":"","overlay-color":"","overlay-gradient":""},"mobile":{"background-color":"","background-image":"","background-repeat":"repeat","background-position":"center center","background-size":"auto","background-attachment":"scroll","background-type":"","background-media":"","overlay-type":"","overlay-color":"","overlay-gradient":""}},"ast-content-background-meta":{"desktop":{"background-color":"var(--ast-global-color-5)","background-image":"","background-repeat":"repeat","background-position":"center center","background-size":"auto","background-attachment":"scroll","background-type":"","background-media":"","overlay-type":"","overlay-color":"","overlay-gradient":""},"tablet":{"background-color":"var(--ast-global-color-5)","background-image":"","background-repeat":"repeat","background-position":"center center","background-size":"auto","background-attachment":"scroll","background-type":"","background-media":"","overlay-type":"","overlay-color":"","overlay-gradient":""},"mobile":{"background-color":"var(--ast-global-color-5)","background-image":"","background-repeat":"repeat","background-position":"center center","background-size":"auto","background-attachment":"scroll","background-type":"","background-media":"","overlay-type":"","overlay-color":"","overlay-gradient":""}},"footnotes":""},"class_list":["post-4767","page","type-page","status-publish","has-post-thumbnail","hentry"],"acf":[],"jetpack_sharing_enabled":true,"_links":{"self":[{"href":"https:\/\/bilhobbyverksted.no\/en\/wp-json\/wp\/v2\/pages\/4767","targetHints":{"allow":["GET"]}}],"collection":[{"href":"https:\/\/bilhobbyverksted.no\/en\/wp-json\/wp\/v2\/pages"}],"about":[{"href":"https:\/\/bilhobbyverksted.no\/en\/wp-json\/wp\/v2\/types\/page"}],"author":[{"embeddable":true,"href":"https:\/\/bilhobbyverksted.no\/en\/wp-json\/wp\/v2\/users\/2"}],"replies":[{"embeddable":true,"href":"https:\/\/bilhobbyverksted.no\/en\/wp-json\/wp\/v2\/comments?post=4767"}],"version-history":[{"count":18,"href":"https:\/\/bilhobbyverksted.no\/en\/wp-json\/wp\/v2\/pages\/4767\/revisions"}],"predecessor-version":[{"id":5894,"href":"https:\/\/bilhobbyverksted.no\/en\/wp-json\/wp\/v2\/pages\/4767\/revisions\/5894"}],"wp:featuredmedia":[{"embeddable":true,"href":"https:\/\/bilhobbyverksted.no\/en\/wp-json\/wp\/v2\/media\/4768"}],"wp:attachment":[{"href":"https:\/\/bilhobbyverksted.no\/en\/wp-json\/wp\/v2\/media?parent=4767"}],"curies":[{"name":"wp","href":"https:\/\/api.w.org\/{rel}","templated":true}]}}